{"id":8230,"date":"2024-09-04T12:26:27","date_gmt":"2024-09-04T17:26:27","guid":{"rendered":"https:\/\/lifefm.ec\/?page_id=8230"},"modified":"2024-09-04T12:26:27","modified_gmt":"2024-09-04T17:26:27","slug":"tribunal-emite-sentencia-de-10-anos-de-carcel-para-hombre-de-comercializaba-pornografia-infantil-en-loja","status":"publish","type":"page","link":"https:\/\/lifefm.ec\/index.php\/tribunal-emite-sentencia-de-10-anos-de-carcel-para-hombre-de-comercializaba-pornografia-infantil-en-loja\/","title":{"rendered":"TRIBUNAL EMITE SENTENCIA DE 10 A\u00d1OS DE C\u00c1RCEL PARA HOMBRE DE COMERCIALIZABA PORNOGRAF\u00cdA INFANTIL EN LOJA"},"content":{"rendered":"<p>La investigaci\u00f3n de este caso inici\u00f3 tras una alerta recibida en una plataforma. Seg\u00fan Fiscal\u00eda, el ahora sentenciado comercializaba video y fotograf\u00edas.<!--more--><\/p>\n<p class=\"prose-text\" data-mrf-recirculation=\"Links article\">Un Tribunal de Garant\u00edas Penales emiti\u00f3 una sentencia de diez a\u00f1os de c\u00e1rcel en contra de Leonardo C. al haber sido hallado culpable de la comercializaci\u00f3n de pornograf\u00eda con utilizaci\u00f3n de ni\u00f1os, ni\u00f1as y adolescentes.<\/p>\n<p class=\"prose-text\" data-mrf-recirculation=\"Links article\">Seg\u00fan la Fiscal a cargo del caso, la investigaci\u00f3n inici\u00f3 luego de un alerta en una plataforma, en la que se advirti\u00f3 sobre un usuario que estar\u00eda descargando videos y fotograf\u00edas con contenido de abuso sexual.<\/p>\n<p class=\"prose-text\" data-mrf-recirculation=\"Links article\">Las primeras investigaciones permitieron determinar la ubicaci\u00f3n del domicilio desde donde se estaban realizando las descargas de estos archivos.<\/p>\n<div class=\"inline-element px-2 table m-auto pb-2 bg-white text-center border border-grey-100 text-xs\">\n<div id=\"ad-ampliada-content\">\n<p class=\"prose-text\" data-mrf-recirculation=\"Links article\">Del sitio decomisaron equipos electr\u00f3nicos, dispositivos de almacenamiento y archivos digitales con contenido sexual, que fueron investigados posteriormente como parte de las pruebas del delito.<\/p>\n<p class=\"prose-text\" data-mrf-recirculation=\"Links article\">En agosto de 2023 se coordin\u00f3 y organiz\u00f3 un operativo internacional, en contra de la pornograf\u00eda infantil con varios pa\u00edses.<\/p>\n<div class=\"inline-element\">\n<div>\n<div id=\"active-campaing-form-marcador\">Entre ellos Argentina, Estados Unidos, Chile, Brasil, Paraguay, Panam\u00e1, Puerto Rico y Ecuador, seg\u00fan Fiscal\u00eda.<\/div>\n<div>\n<p class=\"prose-text\" data-mrf-recirculation=\"Links article\">En la audiencia de juicio, la Fiscal\u00eda present\u00f3, entre las pruebas principales, los testimonios de los peritos que practicaron las experticias de explotaci\u00f3n y transcripci\u00f3n de los mensajes descargados, la extracci\u00f3n de la informaci\u00f3n de los dispositivos electr\u00f3nicos, el informe del allanamiento y el parte policial.<\/p>\n<p class=\"prose-text\" data-mrf-recirculation=\"Links article\">Asimismo, expuso el informe investigativo, el reconocimiento del lugar de los hechos y la transcripci\u00f3n del reporte de alerta, que sirvi\u00f3 de base para el inicio de la investigaci\u00f3n.<br \/>\nCon las pruebas se comprob\u00f3 la existencia del delito y la participaci\u00f3n del procesado.<\/p>\n<p data-mrf-recirculation=\"Links article\">F: EL UNIVERSO<\/p>\n<p data-mrf-recirculation=\"Links article\">#RadioLife #LifeFM #LifeNoticias #LifeEntretenimiento\u00a0#995<\/p>\n<\/div>\n<\/div>\n<\/div>\n<\/div>\n<\/div>\n","protected":false},"excerpt":{"rendered":"<p>La investigaci\u00f3n de este caso inici\u00f3 tras una alerta recibida en una plataforma. Seg\u00fan Fiscal\u00eda, el ahora sentenciado comercializaba video y fotograf\u00edas.<\/p>\n","protected":false},"author":1,"featured_media":8232,"parent":0,"menu_order":0,"comment_status":"closed","ping_status":"closed","template":"","meta":{"footnotes":""},"class_list":["post-8230","page","type-page","status-publish","has-post-thumbnail","hentry"],"_links":{"self":[{"href":"https:\/\/lifefm.ec\/index.php\/wp-json\/wp\/v2\/pages\/8230","targetHints":{"allow":["GET"]}}],"collection":[{"href":"https:\/\/lifefm.ec\/index.php\/wp-json\/wp\/v2\/pages"}],"about":[{"href":"https:\/\/lifefm.ec\/index.php\/wp-json\/wp\/v2\/types\/page"}],"author":[{"embeddable":true,"href":"https:\/\/lifefm.ec\/index.php\/wp-json\/wp\/v2\/users\/1"}],"replies":[{"embeddable":true,"href":"https:\/\/lifefm.ec\/index.php\/wp-json\/wp\/v2\/comments?post=8230"}],"version-history":[{"count":1,"href":"https:\/\/lifefm.ec\/index.php\/wp-json\/wp\/v2\/pages\/8230\/revisions"}],"predecessor-version":[{"id":8233,"href":"https:\/\/lifefm.ec\/index.php\/wp-json\/wp\/v2\/pages\/8230\/revisions\/8233"}],"wp:featuredmedia":[{"embeddable":true,"href":"https:\/\/lifefm.ec\/index.php\/wp-json\/wp\/v2\/media\/8232"}],"wp:attachment":[{"href":"https:\/\/lifefm.ec\/index.php\/wp-json\/wp\/v2\/media?parent=8230"}],"curies":[{"name":"wp","href":"https:\/\/api.w.org\/{rel}","templated":true}]}}