{"id":7211,"date":"2024-08-06T15:15:34","date_gmt":"2024-08-06T20:15:34","guid":{"rendered":"https:\/\/lifefm.ec\/?page_id=7211"},"modified":"2025-11-25T12:55:06","modified_gmt":"2025-11-25T17:55:06","slug":"mision-y-vision","status":"publish","type":"page","link":"https:\/\/lifefm.ec\/index.php\/mision-y-vision\/","title":{"rendered":"CREDO, MISI\u00d3N, VISI\u00d3N, COMPROMISO VALORES Y OBJETIVOS RADIO LIFE 99.5 FM"},"content":{"rendered":"<h2 style=\"text-align: center;\"><strong>CREDO, MISI\u00d3N, VISI\u00d3N, COMPROMISO VALORES Y OBJETIVOS RADIO LIFE 99.5 FM<\/strong><\/h2>\n<p><img fetchpriority=\"high\" decoding=\"async\" class=\"aligncenter wp-image-7202 size-medium\" src=\"https:\/\/lifefm.ec\/wp-content\/uploads\/2024\/07\/274246033_101538565788459_7436942575799894703_n-1-300x300.jpg\" alt=\"\" width=\"300\" height=\"300\" srcset=\"https:\/\/lifefm.ec\/wp-content\/uploads\/2024\/07\/274246033_101538565788459_7436942575799894703_n-1-300x300.jpg 300w, https:\/\/lifefm.ec\/wp-content\/uploads\/2024\/07\/274246033_101538565788459_7436942575799894703_n-1-1024x1024.jpg 1024w, https:\/\/lifefm.ec\/wp-content\/uploads\/2024\/07\/274246033_101538565788459_7436942575799894703_n-1-150x150.jpg 150w, https:\/\/lifefm.ec\/wp-content\/uploads\/2024\/07\/274246033_101538565788459_7436942575799894703_n-1-768x768.jpg 768w, https:\/\/lifefm.ec\/wp-content\/uploads\/2024\/07\/274246033_101538565788459_7436942575799894703_n-1-600x600.jpg 600w, https:\/\/lifefm.ec\/wp-content\/uploads\/2024\/07\/274246033_101538565788459_7436942575799894703_n-1-100x100.jpg 100w, https:\/\/lifefm.ec\/wp-content\/uploads\/2024\/07\/274246033_101538565788459_7436942575799894703_n-1.jpg 1034w\" sizes=\"(max-width: 300px) 100vw, 300px\" \/><\/p>\n<hr \/>\n<p><strong>NUESTRO CREDO<\/strong><\/p>\n<p>Creemos en la influencia positiva de la radio para informar, entretener y unir a nuestra comunidad. Estamos dedicados a ofrecer una programaci\u00f3n que inspire y conecte a nuestros oyentes, promoviendo el conocimiento y la convivencia arm\u00f3nica.\u00bb<\/p>\n<p><strong>NUESTRA MISI\u00d3N<\/strong><\/p>\n<p>Ser parte de nuestra audiencia, de su alegr\u00eda diaria, de su convivir y que nuestra programaci\u00f3n sirva adem\u00e1s de entretener, tambi\u00e9n para culturizar, informar, motivar y guiar de una forma sana, divertida e informal, basada en nuestra filosof\u00eda de transmitir buenas noticias con una actitud positiva y motivadora en el d\u00eda a d\u00eda de nuestros oyentes.<\/p>\n<p><strong>NUESTRA VISI\u00d3N<\/strong><\/p>\n<p>Llegar a los m\u00e1s altos est\u00e1ndares de calidad en servicio a nuestra audiencia con excelente sonido, fidelidad y ofreciendo informaci\u00f3n fresca, real, interesante, entregada con respeto y honestidad.<\/p>\n<p><strong>NUESTRO COMPROMISO<\/strong><\/p>\n<p>Estamos comprometidos a ofrecer una programaci\u00f3n inclusiva y de alta calidad que refleje la diversidad de nuestra audiencia. Prometemos mantener altos est\u00e1ndares de \u00e9tica y precisi\u00f3n en la informaci\u00f3n que transmitimos, y a apoyar a la comunidad a trav\u00e9s de iniciativas que promuevan el desarrollo social y cultural.\u00bb<\/p>\n<p><strong>NUESTROS VALORES<\/strong><\/p>\n<ol>\n<li><strong>Integridad:<\/strong> Mantenemos un compromiso inquebrantable con la verdad y la transparencia en todas nuestras transmisiones.<\/li>\n<li><strong>Innovaci\u00f3n:<\/strong> Buscamos constantemente nuevas formas de conectar con nuestra audiencia y mejorar nuestra programaci\u00f3n.<\/li>\n<li><strong>Inclusi\u00f3n:<\/strong> Valoramos la diversidad y nos esforzamos por representar a todos los segmentos de nuestra comunidad.<\/li>\n<li><strong>Compromiso Comunitario:<\/strong> Apoyamos y participamos activamente en iniciativas que beneficien a la comunidad local.<\/li>\n<li><strong>Excelencia:<\/strong> Nos dedicamos a ofrecer contenido de la m\u00e1s alta calidad y a brindar un servicio excepcional a nuestros oyentes.<\/li>\n<\/ol>\n<p>&nbsp;<\/p>\n<p><strong>OBJETIVOS RADIO LIFE 99.5 FM<\/strong><\/p>\n<p><strong>OBJETIVO GENERAL<\/strong><\/p>\n<ul>\n<li>Ofrecer una programaci\u00f3n radial de calidad, orientada a informar, entretener y conectar con la audiencia, fortaleciendo la presencia de la emisora en el mercado y promoviendo el crecimiento sostenible de la empresa.<\/li>\n<\/ul>\n<p><strong>OBJETIVOS ESPEC\u00cdFICOS<\/strong><\/p>\n<ul>\n<li>Incrementar la audiencia mediante contenidos atractivos, variados y adaptados a los intereses de la comunidad.<\/li>\n<li>Mejorar la calidad de la programaci\u00f3n mediante la incorporaci\u00f3n de nuevos segmentos, programas y talentos.<\/li>\n<li>Fortalecer la relaci\u00f3n con los oyentes a trav\u00e9s de la interacci\u00f3n en redes sociales, mensajes, llamadas y actividades en vivo.<\/li>\n<li>Aumentar los ingresos publicitarios mediante estrategias comerciales efectivas y alianzas con empresas locales.<\/li>\n<li>Actualizar y mantener los equipos t\u00e9cnicos para garantizar una transmisi\u00f3n estable, clara y profesional.<\/li>\n<li>Capacitar al personal en locuci\u00f3n, producci\u00f3n, edici\u00f3n y manejo de herramientas digitales.<\/li>\n<li>Expandir la presencia digital mediante streaming, podcast, redes sociales y p\u00e1gina web.<\/li>\n<\/ul>\n<p><strong>OBJETIVOS ESTRAT\u00c9GICOS<\/strong><\/p>\n<ul>\n<li>Posicionar la emisora como un referente local o regional, seg\u00fan tu alcance actual.<\/li>\n<li>Desarrollar proyectos y campa\u00f1as sociales que fortalezcan el v\u00ednculo con la comunidad.<\/li>\n<li>Innovar en formatos y plataformas, incorporando nuevos medios como video en vivo, aplicaciones m\u00f3viles o contenido on demand.<\/li>\n<li>Diversificar las fuentes de ingreso, por ejemplo: publicidad, eventos, patrocinadores, servicios de audio, etc.<\/li>\n<\/ul>\n<p><strong>\u00a0<\/strong><\/p>\n","protected":false},"excerpt":{"rendered":"<p>CREDO, MISI\u00d3N, VISI\u00d3N, COMPROMISO VALORES Y OBJETIVOS RADIO LIFE 99.5 FM NUESTRO CREDO Creemos en la influencia positiva de la radio para informar, entretener y unir a nuestra comunidad. Estamos dedicados a ofrecer una programaci\u00f3n que inspire y conecte a nuestros oyentes, promoviendo el conocimiento y la convivencia arm\u00f3nica.\u00bb NUESTRA MISI\u00d3N Ser parte de nuestra [&hellip;]<\/p>\n","protected":false},"author":1,"featured_media":0,"parent":0,"menu_order":0,"comment_status":"closed","ping_status":"closed","template":"","meta":{"footnotes":""},"class_list":["post-7211","page","type-page","status-publish","hentry"],"_links":{"self":[{"href":"https:\/\/lifefm.ec\/index.php\/wp-json\/wp\/v2\/pages\/7211","targetHints":{"allow":["GET"]}}],"collection":[{"href":"https:\/\/lifefm.ec\/index.php\/wp-json\/wp\/v2\/pages"}],"about":[{"href":"https:\/\/lifefm.ec\/index.php\/wp-json\/wp\/v2\/types\/page"}],"author":[{"embeddable":true,"href":"https:\/\/lifefm.ec\/index.php\/wp-json\/wp\/v2\/users\/1"}],"replies":[{"embeddable":true,"href":"https:\/\/lifefm.ec\/index.php\/wp-json\/wp\/v2\/comments?post=7211"}],"version-history":[{"count":5,"href":"https:\/\/lifefm.ec\/index.php\/wp-json\/wp\/v2\/pages\/7211\/revisions"}],"predecessor-version":[{"id":13133,"href":"https:\/\/lifefm.ec\/index.php\/wp-json\/wp\/v2\/pages\/7211\/revisions\/13133"}],"wp:attachment":[{"href":"https:\/\/lifefm.ec\/index.php\/wp-json\/wp\/v2\/media?parent=7211"}],"curies":[{"name":"wp","href":"https:\/\/api.w.org\/{rel}","templated":true}]}}