{"id":11745,"date":"2025-01-17T12:15:10","date_gmt":"2025-01-17T17:15:10","guid":{"rendered":"https:\/\/lifefm.ec\/?page_id=11745"},"modified":"2025-01-17T12:15:10","modified_gmt":"2025-01-17T17:15:10","slug":"detienen-en-flagrancia-a-abogado-de-la-vicepresidenta-veronica-abad-por-tenencia-no-autorizada-de-municiones","status":"publish","type":"page","link":"https:\/\/lifefm.ec\/index.php\/noticias\/detienen-en-flagrancia-a-abogado-de-la-vicepresidenta-veronica-abad-por-tenencia-no-autorizada-de-municiones\/","title":{"rendered":"DETIENEN EN FLAGRANCIA A ABOGADO DE LA VICEPRESIDENTA VER\u00d3NICA ABAD POR \u2018TENENCIA NO AUTORIZADA DE MUNICIONES\u2019"},"content":{"rendered":"<hr \/>\n<p>Fue en el marco de los allanamientos realizados dentro del caso Fachada<\/p>\n<p>La Fiscal\u00eda General del Estado inform\u00f3 que se detuvo en flagrancia al abogado Oswaldo Trujillo, abogado de la vicepresidenta Ver\u00f3nica Abad por \u201ctenencia no autorizada de municiones\u201d<\/p>\n<p>La entidad dijo que en el allanamiento a su casa, en Quito, encontraron cartuchos de diferente calibre, \u201cincluso de uso militar\u2013 que no pudo justificar\u201d. Por lo tanto fue detenido y deber\u00e1 comparecer en las pr\u00f3ximas horas ante un juez por el presunto delito de tendencia y porte no autorizado de municiones.<\/p>\n<p>Ante eso, Trujillo, explic\u00f3 en su perfil jur\u00eddico que practica el tiro deportivo, lo que podr\u00eda ser la raz\u00f3n de la presencia de municiones, pero deber\u00e1 justificar ante el juez. \u201cTengo un cintur\u00f3n negro en artes marciales, hago enduro, buceo y CrossFit pero tambi\u00e9n me apasiona el tiro pr\u00e1ctico y de precisi\u00f3n\u201d, se precisa.<\/p>\n<p>Tribunal sancion\u00f3 a Trujillo por su ausencia en Caso Nene.<\/p>\n<p>Por otro lado, este jueves el abogado Trujillo ten\u00eda que ejercer la defensa del hijo de la vicepresidenta Ver\u00f3nica Abad. Esta diligencia se declar\u00f3 fallida porque no asisti\u00f3 ni pidi\u00f3 diferimiento ni env\u00edo una justificaci\u00f3n.<\/p>\n<p>Un abogado amigo trat\u00f3 de explicar al Tribunal la raz\u00f3n de la inasistencia, pero al no estar acreditado para actuar no pudo hacerlo y Trujillo fue multado con dos salarios b\u00e1sicos.<\/p>\n<p>\ud83d\udd34 #radiolife #lifenoticas995fm #InformativoLife<\/p>\n<p>&nbsp;<\/p>\n<p>DETIENEN EN FLAGRANCIA A ABOGADO DE LA VICEPRESIDENTA VER\u00d3NICA ABAD POR \u2018TENENCIA NO AUTORIZADA DE MUNICIONES\u2019<\/p>\n<p>&nbsp;<\/p>\n<p>La Fiscal\u00eda General del Estado inform\u00f3 que se detuvo en flagrancia al abogado Oswaldo Trujillo, abogado de la vicepresidenta Ver\u00f3nica Abad por \u201ctenencia no autorizada de municiones\u201d.<\/p>\n<p>&nbsp;<\/p>\n<p>La entidad dijo que en el allanamiento a su casa, en Quito, encontraron cartuchos de diferente calibre, \u201cincluso de uso militar\u2013 que no pudo justificar\u201d. Por lo tanto fue detenido y deber\u00e1 comparecer en las pr\u00f3ximas horas ante un juez por el presunto delito de tendencia y porte no autorizado de municiones.<\/p>\n<p>&nbsp;<\/p>\n<p>M\u00e1s informaci\u00f3n en\ud83d\udc49\ud83c\udffd https:\/\/www.metroecuador.com.ec\/noticias\/2025\/01\/16\/detienen-en-flagrancia-a-abogado-de-la-vicepresidenta-veronica-abad-por-tenencia-no-autorizada-de-municiones\/<\/p>\n<p>&nbsp;<\/p>\n<p>F: METRO HOY &#8211; IM\u00c1GEN: FISCAL\u00cdA GENERAL DEL ESTADO<\/p>\n<p>&nbsp;<\/p>\n<p>#995FM #LifeFM #LifeNoticias #ecuador #vicepresidenta #veronicaabad<\/p>\n","protected":false},"excerpt":{"rendered":"<p>Fue en el marco de los allanamientos realizados dentro del caso Fachada La Fiscal\u00eda General del Estado inform\u00f3 que se detuvo en flagrancia al abogado Oswaldo Trujillo, abogado de la vicepresidenta Ver\u00f3nica Abad por \u201ctenencia no autorizada de municiones\u201d La entidad dijo que en el allanamiento a su casa, en Quito, encontraron cartuchos de diferente [&hellip;]<\/p>\n","protected":false},"author":24,"featured_media":11746,"parent":62,"menu_order":0,"comment_status":"closed","ping_status":"closed","template":"","meta":{"footnotes":""},"class_list":["post-11745","page","type-page","status-publish","has-post-thumbnail","hentry"],"_links":{"self":[{"href":"https:\/\/lifefm.ec\/index.php\/wp-json\/wp\/v2\/pages\/11745","targetHints":{"allow":["GET"]}}],"collection":[{"href":"https:\/\/lifefm.ec\/index.php\/wp-json\/wp\/v2\/pages"}],"about":[{"href":"https:\/\/lifefm.ec\/index.php\/wp-json\/wp\/v2\/types\/page"}],"author":[{"embeddable":true,"href":"https:\/\/lifefm.ec\/index.php\/wp-json\/wp\/v2\/users\/24"}],"replies":[{"embeddable":true,"href":"https:\/\/lifefm.ec\/index.php\/wp-json\/wp\/v2\/comments?post=11745"}],"version-history":[{"count":1,"href":"https:\/\/lifefm.ec\/index.php\/wp-json\/wp\/v2\/pages\/11745\/revisions"}],"predecessor-version":[{"id":11747,"href":"https:\/\/lifefm.ec\/index.php\/wp-json\/wp\/v2\/pages\/11745\/revisions\/11747"}],"up":[{"embeddable":true,"href":"https:\/\/lifefm.ec\/index.php\/wp-json\/wp\/v2\/pages\/62"}],"wp:featuredmedia":[{"embeddable":true,"href":"https:\/\/lifefm.ec\/index.php\/wp-json\/wp\/v2\/media\/11746"}],"wp:attachment":[{"href":"https:\/\/lifefm.ec\/index.php\/wp-json\/wp\/v2\/media?parent=11745"}],"curies":[{"name":"wp","href":"https:\/\/api.w.org\/{rel}","templated":true}]}}